{"id":57,"date":"2024-10-10T11:17:38","date_gmt":"2024-10-10T09:17:38","guid":{"rendered":"https:\/\/aeduja.es\/sd\/?page_id=57"},"modified":"2026-03-10T20:21:03","modified_gmt":"2026-03-10T19:21:03","slug":"equipos","status":"publish","type":"page","link":"https:\/\/aeduja.es\/sd\/index.php\/equipos\/","title":{"rendered":"Equipos"},"content":{"rendered":"<p>Para la temporada 2025-2026 disponemos de los siguientes equipos.<\/p><p><a href=\".\/escuela-bebe\/\" data-type=\"URL\" data-id=\".\/escuela-bebe\/\">Escuela Beb\u00e9<\/a> (nacidos en 2020 y 2021)<\/p><p><a href=\"..\/prebenjamin\" data-type=\"URL\" data-id=\".\/prebenjamin\">Prebenjam\u00edn <\/a>(nacidos en 2018 y 2019)<\/p><p><a href=\"..\/index.php\/benjamin\" data-type=\"URL\" data-id=\".\/benjamin\">Benjam\u00edn <\/a>(nacidos en 2016 y 2017)<\/p><p><a href=\"..\/index.php\/alevin\" data-type=\"URL\" data-id=\".\/alevin\">Alev\u00edn <\/a>(nacidos en 2014 y 2015)<\/p><p><a href=\"..\/index.php\/infantil\" data-type=\"link\" data-id=\"..\/index.php\/infantil\">Infantil <\/a>(nacidos en 2012 y 2013)<\/p><p>Adem\u00e1s disponemos de una secci\u00f3n de Veteranos.<\/p>","protected":false},"excerpt":{"rendered":"<p>Para la temporada 2025-2026 disponemos de los siguientes equipos. Escuela Beb\u00e9 (nacidos en 2020 y 2021) Prebenjam\u00edn (nacidos en 2018 y 2019) Benjam\u00edn (nacidos en 2016 y 2017) Alev\u00edn (nacidos en 2014 y 2015) Infantil (nacidos en 2012 y 2013) Adem\u00e1s disponemos de una secci\u00f3n de Veteranos.<\/p>\n","protected":false},"author":1,"featured_media":0,"parent":0,"menu_order":0,"comment_status":"closed","ping_status":"closed","template":"","meta":{"footnotes":""},"class_list":["post-57","page","type-page","status-publish","hentry"],"_links":{"self":[{"href":"https:\/\/aeduja.es\/sd\/index.php\/wp-json\/wp\/v2\/pages\/57","targetHints":{"allow":["GET"]}}],"collection":[{"href":"https:\/\/aeduja.es\/sd\/index.php\/wp-json\/wp\/v2\/pages"}],"about":[{"href":"https:\/\/aeduja.es\/sd\/index.php\/wp-json\/wp\/v2\/types\/page"}],"author":[{"embeddable":true,"href":"https:\/\/aeduja.es\/sd\/index.php\/wp-json\/wp\/v2\/users\/1"}],"replies":[{"embeddable":true,"href":"https:\/\/aeduja.es\/sd\/index.php\/wp-json\/wp\/v2\/comments?post=57"}],"version-history":[{"count":12,"href":"https:\/\/aeduja.es\/sd\/index.php\/wp-json\/wp\/v2\/pages\/57\/revisions"}],"predecessor-version":[{"id":1229,"href":"https:\/\/aeduja.es\/sd\/index.php\/wp-json\/wp\/v2\/pages\/57\/revisions\/1229"}],"wp:attachment":[{"href":"https:\/\/aeduja.es\/sd\/index.php\/wp-json\/wp\/v2\/media?parent=57"}],"curies":[{"name":"wp","href":"https:\/\/api.w.org\/{rel}","templated":true}]}}