{"id":62,"date":"2024-10-10T11:21:59","date_gmt":"2024-10-10T09:21:59","guid":{"rendered":"https:\/\/aeduja.es\/sd\/?page_id=62"},"modified":"2024-11-08T19:22:26","modified_gmt":"2024-11-08T18:22:26","slug":"precios","status":"publish","type":"page","link":"https:\/\/aeduja.es\/sd\/index.php\/precios\/","title":{"rendered":"Ap\u00fantate"},"content":{"rendered":"<p>Para inscribirte en uno de nuestros equipos rellena el formulario de inscripci\u00f3n y te facilitaremos los horarios de los pr\u00f3ximos entrenamientos que celebre el equipo de la categor\u00eda que te corresponde por fecha de nacimiento.<\/p><figure class=\"wp-block-image size-full\"><a href=\"https:\/\/docs.google.com\/forms\/d\/e\/1FAIpQLSfFjVBGn4e5GyPb-UTo7e6PuSdAyuBhKplleGNPJL77xiGMPw\/viewform\" target=\"_blank\" rel=\"noreferrer noopener\"><img loading=\"lazy\" decoding=\"async\" width=\"225\" height=\"225\" src=\"https:\/\/aeduja.es\/sd\/wp-content\/uploads\/2024\/11\/image-5.png\" alt=\"\" class=\"wp-image-477\" srcset=\"https:\/\/aeduja.es\/sd\/wp-content\/uploads\/2024\/11\/image-5.png 225w, https:\/\/aeduja.es\/sd\/wp-content\/uploads\/2024\/11\/image-5-100x100.png 100w, https:\/\/aeduja.es\/sd\/wp-content\/uploads\/2024\/11\/image-5-150x150.png 150w, https:\/\/aeduja.es\/sd\/wp-content\/uploads\/2024\/11\/image-5-128x128.png 128w, https:\/\/aeduja.es\/sd\/wp-content\/uploads\/2024\/11\/image-5-32x32.png 32w\" sizes=\"auto, (max-width: 225px) 100vw, 225px\" \/><\/a><\/figure>","protected":false},"excerpt":{"rendered":"<p>Para inscribirte en uno de nuestros equipos rellena el formulario de inscripci\u00f3n y te facilitaremos los horarios de los pr\u00f3ximos entrenamientos que celebre el equipo de la categor\u00eda que te corresponde por fecha de nacimiento.<\/p>\n","protected":false},"author":1,"featured_media":0,"parent":0,"menu_order":0,"comment_status":"closed","ping_status":"closed","template":"","meta":{"footnotes":""},"class_list":["post-62","page","type-page","status-publish","hentry"],"_links":{"self":[{"href":"https:\/\/aeduja.es\/sd\/index.php\/wp-json\/wp\/v2\/pages\/62","targetHints":{"allow":["GET"]}}],"collection":[{"href":"https:\/\/aeduja.es\/sd\/index.php\/wp-json\/wp\/v2\/pages"}],"about":[{"href":"https:\/\/aeduja.es\/sd\/index.php\/wp-json\/wp\/v2\/types\/page"}],"author":[{"embeddable":true,"href":"https:\/\/aeduja.es\/sd\/index.php\/wp-json\/wp\/v2\/users\/1"}],"replies":[{"embeddable":true,"href":"https:\/\/aeduja.es\/sd\/index.php\/wp-json\/wp\/v2\/comments?post=62"}],"version-history":[{"count":9,"href":"https:\/\/aeduja.es\/sd\/index.php\/wp-json\/wp\/v2\/pages\/62\/revisions"}],"predecessor-version":[{"id":482,"href":"https:\/\/aeduja.es\/sd\/index.php\/wp-json\/wp\/v2\/pages\/62\/revisions\/482"}],"wp:attachment":[{"href":"https:\/\/aeduja.es\/sd\/index.php\/wp-json\/wp\/v2\/media?parent=62"}],"curies":[{"name":"wp","href":"https:\/\/api.w.org\/{rel}","templated":true}]}}