{"id":85,"date":"2024-10-10T12:13:29","date_gmt":"2024-10-10T10:13:29","guid":{"rendered":"https:\/\/aeduja.es\/sd\/?page_id=85"},"modified":"2025-10-07T19:46:36","modified_gmt":"2025-10-07T17:46:36","slug":"benjamin","status":"publish","type":"page","link":"https:\/\/aeduja.es\/sd\/index.php\/benjamin\/","title":{"rendered":"Benjam\u00edn"},"content":{"rendered":"<p>Desde 8 hasta 9 a\u00f1os<\/p><p><strong>ENTRENAMIENTOS<\/strong><\/p><p>Martes &#8211; de 16.00h a 17.00h &#8211; en el Pabell\u00f3n del Bulevar.<br>Jueves &#8211; de 16.00h a 17.00h &#8211; en el Pabell\u00f3n del Bulevar.<\/p><figure class=\"wp-block-image size-full\"><img loading=\"lazy\" decoding=\"async\" width=\"2413\" height=\"1801\" src=\"https:\/\/aeduja.es\/sd\/wp-content\/uploads\/2025\/10\/AEDUJA-BENJAMIN.jpg\" alt=\"\" class=\"wp-image-846\" srcset=\"https:\/\/aeduja.es\/sd\/wp-content\/uploads\/2025\/10\/AEDUJA-BENJAMIN.jpg 2413w, https:\/\/aeduja.es\/sd\/wp-content\/uploads\/2025\/10\/AEDUJA-BENJAMIN-300x224.jpg 300w, https:\/\/aeduja.es\/sd\/wp-content\/uploads\/2025\/10\/AEDUJA-BENJAMIN-1024x764.jpg 1024w, https:\/\/aeduja.es\/sd\/wp-content\/uploads\/2025\/10\/AEDUJA-BENJAMIN-768x573.jpg 768w, https:\/\/aeduja.es\/sd\/wp-content\/uploads\/2025\/10\/AEDUJA-BENJAMIN-1536x1146.jpg 1536w, https:\/\/aeduja.es\/sd\/wp-content\/uploads\/2025\/10\/AEDUJA-BENJAMIN-2048x1529.jpg 2048w, https:\/\/aeduja.es\/sd\/wp-content\/uploads\/2025\/10\/AEDUJA-BENJAMIN-128x96.jpg 128w, https:\/\/aeduja.es\/sd\/wp-content\/uploads\/2025\/10\/AEDUJA-BENJAMIN-32x24.jpg 32w, https:\/\/aeduja.es\/sd\/wp-content\/uploads\/2025\/10\/AEDUJA-BENJAMIN-600x448.jpg 600w\" sizes=\"auto, (max-width: 2413px) 100vw, 2413px\" \/><\/figure><div class=\"sportspress\">\n\t\t<div id='sp-player-gallery-747' class='gallery galleryid-747 gallery-columns-3 gallery-size-sportspress-crop-medium'>\t<div class=\"sp-template sp-template-player-gallery sp-template-gallery\"><div class=\"sp-player-gallery-wrapper sp-gallery-wrapper\"><a name=\"group-portero\" id=\"group-portero\"><\/a><h4 class=\"sp-gallery-group-name player-group-name player-gallery-group-name\">Portero<\/h4><dl class='gallery-item'>\n\t<dt class='gallery-icon portrait'><a href=\"https:\/\/aeduja.es\/sd\/index.php\/player\/martin-exposito\/\"><img loading=\"lazy\" decoding=\"async\" width=\"300\" height=\"300\" src=\"https:\/\/aeduja.es\/sd\/wp-content\/uploads\/2024\/10\/MARTIN-1-300x300.jpg\" class=\"attachment-sportspress-crop-medium size-sportspress-crop-medium wp-post-image\" alt=\"\" \/><\/a><\/dt><a href=\"https:\/\/aeduja.es\/sd\/index.php\/player\/martin-exposito\/\"><dd class=\"wp-caption-text gallery-caption small-3 columns has-number\"><strong>1<\/strong> Mart\u00edn Exp\u00f3sito<\/dd><\/a><\/dl><dl class='gallery-item'>\n\t<dt class='gallery-icon portrait'><a href=\"https:\/\/aeduja.es\/sd\/index.php\/player\/alex-illana\/\"><img loading=\"lazy\" decoding=\"async\" width=\"300\" height=\"300\" src=\"https:\/\/aeduja.es\/sd\/wp-content\/uploads\/2024\/10\/ALEX-300x300.jpg\" class=\"attachment-sportspress-crop-medium size-sportspress-crop-medium wp-post-image\" alt=\"\" \/><\/a><\/dt><a href=\"https:\/\/aeduja.es\/sd\/index.php\/player\/alex-illana\/\"><dd class=\"wp-caption-text gallery-caption small-3 columns has-number\"><strong>14<\/strong> Alex Illana<\/dd><\/a><\/dl><\/div><\/div><div class=\"sp-template sp-template-player-gallery sp-template-gallery\"><div class=\"sp-player-gallery-wrapper sp-gallery-wrapper\"><a name=\"group-cierre\" id=\"group-cierre\"><\/a><h4 class=\"sp-gallery-group-name player-group-name player-gallery-group-name\">Cierre<\/h4><dl class='gallery-item'>\n\t<dt class='gallery-icon portrait'><a href=\"https:\/\/aeduja.es\/sd\/index.php\/player\/antonio-carmona\/\"><img loading=\"lazy\" decoding=\"async\" width=\"300\" height=\"300\" src=\"https:\/\/aeduja.es\/sd\/wp-content\/uploads\/2024\/10\/ANTONIO-1-300x300.jpg\" class=\"attachment-sportspress-crop-medium size-sportspress-crop-medium wp-post-image\" alt=\"\" \/><\/a><\/dt><a href=\"https:\/\/aeduja.es\/sd\/index.php\/player\/antonio-carmona\/\"><dd class=\"wp-caption-text gallery-caption small-3 columns has-number\"><strong>8<\/strong> Antonio Carmona<\/dd><\/a><\/dl><dl class='gallery-item'>\n\t<dt class='gallery-icon portrait'><a href=\"https:\/\/aeduja.es\/sd\/index.php\/player\/celeste-montoya\/\"><img loading=\"lazy\" decoding=\"async\" width=\"300\" height=\"300\" src=\"https:\/\/aeduja.es\/sd\/wp-content\/uploads\/2024\/10\/CELESTE-300x300.jpg\" class=\"attachment-sportspress-crop-medium size-sportspress-crop-medium wp-post-image\" alt=\"\" \/><\/a><\/dt><a href=\"https:\/\/aeduja.es\/sd\/index.php\/player\/celeste-montoya\/\"><dd class=\"wp-caption-text gallery-caption small-3 columns has-number\"><strong>5<\/strong> Celeste Montoya<\/dd><\/a><\/dl><dl class='gallery-item'>\n\t<dt class='gallery-icon portrait'><a href=\"https:\/\/aeduja.es\/sd\/index.php\/player\/jorge-liebana\/\"><img loading=\"lazy\" decoding=\"async\" width=\"300\" height=\"300\" src=\"https:\/\/aeduja.es\/sd\/wp-content\/uploads\/2024\/10\/JORGE-1-300x300.jpg\" class=\"attachment-sportspress-crop-medium size-sportspress-crop-medium wp-post-image\" alt=\"\" \/><\/a><\/dt><a href=\"https:\/\/aeduja.es\/sd\/index.php\/player\/jorge-liebana\/\"><dd class=\"wp-caption-text gallery-caption small-3 columns has-number\"><strong>12<\/strong> Jorge Li\u00e9bana<\/dd><\/a><\/dl><\/div><\/div><div class=\"sp-template sp-template-player-gallery sp-template-gallery\"><div class=\"sp-player-gallery-wrapper sp-gallery-wrapper\"><a name=\"group-ala\" id=\"group-ala\"><\/a><h4 class=\"sp-gallery-group-name player-group-name player-gallery-group-name\">Ala<\/h4><dl class='gallery-item'>\n\t<dt class='gallery-icon portrait'><a href=\"https:\/\/aeduja.es\/sd\/index.php\/player\/alejandro-martinez\/\"><img loading=\"lazy\" decoding=\"async\" width=\"300\" height=\"300\" src=\"https:\/\/aeduja.es\/sd\/wp-content\/uploads\/2024\/10\/ALEJANDRO-300x300.jpg\" class=\"attachment-sportspress-crop-medium size-sportspress-crop-medium wp-post-image\" alt=\"\" \/><\/a><\/dt><a href=\"https:\/\/aeduja.es\/sd\/index.php\/player\/alejandro-martinez\/\"><dd class=\"wp-caption-text gallery-caption small-3 columns has-number\"><strong>11<\/strong> Alejandro Mart\u00ednez<\/dd><\/a><\/dl><dl class='gallery-item'>\n\t<dt class='gallery-icon portrait'><a href=\"https:\/\/aeduja.es\/sd\/index.php\/player\/abraham-cortes\/\"><img loading=\"lazy\" decoding=\"async\" width=\"300\" height=\"300\" src=\"https:\/\/aeduja.es\/sd\/wp-content\/uploads\/2024\/10\/ABRAHAM-300x300.jpg\" class=\"attachment-sportspress-crop-medium size-sportspress-crop-medium wp-post-image\" alt=\"\" \/><\/a><\/dt><a href=\"https:\/\/aeduja.es\/sd\/index.php\/player\/abraham-cortes\/\"><dd class=\"wp-caption-text gallery-caption small-3 columns has-number\"><strong>4<\/strong> Abraham Cort\u00e9s<\/dd><\/a><\/dl><dl class='gallery-item'>\n\t<dt class='gallery-icon portrait'><a href=\"https:\/\/aeduja.es\/sd\/index.php\/player\/juan-pintiado\/\"><img loading=\"lazy\" decoding=\"async\" width=\"150\" height=\"150\" src=\"\/\/www.gravatar.com\/avatar\/?s=150&amp;d=mm&amp;f=y\" class=\"attachment-thumbnail wp-post-image\"><\/a><\/dt><a href=\"https:\/\/aeduja.es\/sd\/index.php\/player\/juan-pintiado\/\"><dd class=\"wp-caption-text gallery-caption small-3 columns has-number\"><strong>28<\/strong> Juan Pintiado<\/dd><\/a><\/dl><dl class='gallery-item'>\n\t<dt class='gallery-icon portrait'><a href=\"https:\/\/aeduja.es\/sd\/index.php\/player\/rocio-mendez\/\"><img loading=\"lazy\" decoding=\"async\" width=\"300\" height=\"300\" src=\"https:\/\/aeduja.es\/sd\/wp-content\/uploads\/2024\/10\/ROCIO-1-300x300.jpg\" class=\"attachment-sportspress-crop-medium size-sportspress-crop-medium wp-post-image\" alt=\"\" \/><\/a><\/dt><a href=\"https:\/\/aeduja.es\/sd\/index.php\/player\/rocio-mendez\/\"><dd class=\"wp-caption-text gallery-caption small-3 columns has-number\"><strong>7<\/strong> Roc\u00edo M\u00e9ndez<\/dd><\/a><\/dl><\/div><\/div><div class=\"sp-template sp-template-player-gallery sp-template-gallery\"><div class=\"sp-player-gallery-wrapper sp-gallery-wrapper\"><a name=\"group-pivot\" id=\"group-pivot\"><\/a><h4 class=\"sp-gallery-group-name player-group-name player-gallery-group-name\">Pivot<\/h4><dl class='gallery-item'>\n\t<dt class='gallery-icon portrait'><a href=\"https:\/\/aeduja.es\/sd\/index.php\/player\/oscar-zambrano\/\"><img loading=\"lazy\" decoding=\"async\" width=\"300\" height=\"300\" src=\"https:\/\/aeduja.es\/sd\/wp-content\/uploads\/2024\/10\/OSCAR-1-300x300.jpg\" class=\"attachment-sportspress-crop-medium size-sportspress-crop-medium wp-post-image\" alt=\"\" \/><\/a><\/dt><a href=\"https:\/\/aeduja.es\/sd\/index.php\/player\/oscar-zambrano\/\"><dd class=\"wp-caption-text gallery-caption small-3 columns has-number\"><strong>10<\/strong> \u00d3scar Zambrano<\/dd><\/a><\/dl><dl class='gallery-item'>\n\t<dt class='gallery-icon portrait'><a href=\"https:\/\/aeduja.es\/sd\/index.php\/player\/adrian-torres\/\"><img loading=\"lazy\" decoding=\"async\" width=\"300\" height=\"300\" src=\"https:\/\/aeduja.es\/sd\/wp-content\/uploads\/2024\/10\/ADRIAN-1-300x300.jpg\" class=\"attachment-sportspress-crop-medium size-sportspress-crop-medium wp-post-image\" alt=\"\" \/><\/a><\/dt><a href=\"https:\/\/aeduja.es\/sd\/index.php\/player\/adrian-torres\/\"><dd class=\"wp-caption-text gallery-caption small-3 columns has-number\"><strong>9<\/strong> Adri\u00e1n Torres<\/dd><\/a><\/dl><\/div><\/div><\/div>\n<\/div><div class=\"sportspress\"><div class=\"sp-template sp-template-league-table\">\n\t<h4 class=\"sp-table-caption\">Benjam\u00edn 2\u00aa Andaluza Grupo 1<\/h4><div class=\"sp-table-wrapper\"><table class=\"sp-league-table sp-data-table sp-sortable-table sp-responsive-table table_69ddbed770484 sp-scrollable-table sp-paginated-table\" data-sp-rows=\"14\"><thead><tr><th class=\"data-rank\">Pos<\/th><th class=\"data-name\">Club<\/th><th class=\"data-p\">J<\/th><th class=\"data-v\">V<\/th><th class=\"data-d\">E<\/th><th class=\"data-l\">D<\/th><th class=\"data-f\">GF<\/th><th class=\"data-a\">GC<\/th><th class=\"data-gd\">+-<\/th><th class=\"data-pts\">Pts<\/th><\/tr><\/thead><tbody><tr class=\"odd sp-row-no-0\"><td class=\"data-rank\" data-label=\"Pos\">1<\/td><td class=\"data-name has-logo\" data-label=\"Club\"><a href=\"https:\/\/aeduja.es\/sd\/index.php\/team\/jaen-paraiso-interior\/\"><span class=\"team-logo\"><img loading=\"lazy\" decoding=\"async\" width=\"128\" height=\"128\" src=\"https:\/\/aeduja.es\/sd\/wp-content\/uploads\/2024\/10\/JAEN-FS-128x128.png\" class=\"attachment-sportspress-fit-icon size-sportspress-fit-icon wp-post-image\" alt=\"\" \/><\/span>Ja\u00e9n FS<\/a><\/td><td class=\"data-p\" data-label=\"J\">15<\/td><td class=\"data-v\" data-label=\"V\">14<\/td><td class=\"data-d\" data-label=\"E\">1<\/td><td class=\"data-l\" data-label=\"D\">0<\/td><td class=\"data-f\" data-label=\"GF\">109<\/td><td class=\"data-a\" data-label=\"GC\">20<\/td><td class=\"data-gd\" data-label=\"+-\">89<\/td><td class=\"data-pts\" data-label=\"Pts\">43<\/td><\/tr><tr class=\"even sp-row-no-1\"><td class=\"data-rank\" data-label=\"Pos\">2<\/td><td class=\"data-name has-logo\" data-label=\"Club\"><a href=\"https:\/\/aeduja.es\/sd\/index.php\/team\/maristas\/\"><span class=\"team-logo\"><img loading=\"lazy\" decoding=\"async\" width=\"128\" height=\"128\" src=\"https:\/\/aeduja.es\/sd\/wp-content\/uploads\/2024\/10\/MARISTAS-128x128.png\" class=\"attachment-sportspress-fit-icon size-sportspress-fit-icon wp-post-image\" alt=\"\" \/><\/span>Maristas<\/a><\/td><td class=\"data-p\" data-label=\"J\">16<\/td><td class=\"data-v\" data-label=\"V\">13<\/td><td class=\"data-d\" data-label=\"E\">0<\/td><td class=\"data-l\" data-label=\"D\">3<\/td><td class=\"data-f\" data-label=\"GF\">91<\/td><td class=\"data-a\" data-label=\"GC\">50<\/td><td class=\"data-gd\" data-label=\"+-\">41<\/td><td class=\"data-pts\" data-label=\"Pts\">39<\/td><\/tr><tr class=\"odd sp-row-no-2\"><td class=\"data-rank\" data-label=\"Pos\">3<\/td><td class=\"data-name has-logo\" data-label=\"Club\"><a href=\"https:\/\/aeduja.es\/sd\/index.php\/team\/marca-futsal\/\"><span class=\"team-logo\"><img loading=\"lazy\" decoding=\"async\" width=\"128\" height=\"128\" src=\"https:\/\/aeduja.es\/sd\/wp-content\/uploads\/2024\/10\/MARCA-128x128.png\" class=\"attachment-sportspress-fit-icon size-sportspress-fit-icon wp-post-image\" alt=\"\" \/><\/span>Marca<\/a><\/td><td class=\"data-p\" data-label=\"J\">16<\/td><td class=\"data-v\" data-label=\"V\">12<\/td><td class=\"data-d\" data-label=\"E\">1<\/td><td class=\"data-l\" data-label=\"D\">3<\/td><td class=\"data-f\" data-label=\"GF\">82<\/td><td class=\"data-a\" data-label=\"GC\">39<\/td><td class=\"data-gd\" data-label=\"+-\">43<\/td><td class=\"data-pts\" data-label=\"Pts\">37<\/td><\/tr><tr class=\"even sp-row-no-3\"><td class=\"data-rank\" data-label=\"Pos\">4<\/td><td class=\"data-name has-logo\" data-label=\"Club\"><a href=\"https:\/\/aeduja.es\/sd\/index.php\/team\/avanza\/\"><span class=\"team-logo\"><img loading=\"lazy\" decoding=\"async\" width=\"128\" height=\"128\" src=\"https:\/\/aeduja.es\/sd\/wp-content\/uploads\/2024\/10\/AVANZA-128x128.png\" class=\"attachment-sportspress-fit-icon size-sportspress-fit-icon wp-post-image\" alt=\"\" \/><\/span>Avanza<\/a><\/td><td class=\"data-p\" data-label=\"J\">16<\/td><td class=\"data-v\" data-label=\"V\">8<\/td><td class=\"data-d\" data-label=\"E\">1<\/td><td class=\"data-l\" data-label=\"D\">7<\/td><td class=\"data-f\" data-label=\"GF\">91<\/td><td class=\"data-a\" data-label=\"GC\">94<\/td><td class=\"data-gd\" data-label=\"+-\">-3<\/td><td class=\"data-pts\" data-label=\"Pts\">25<\/td><\/tr><tr class=\"odd sp-row-no-4\"><td class=\"data-rank\" data-label=\"Pos\">5<\/td><td class=\"data-name has-logo\" data-label=\"Club\"><a href=\"https:\/\/aeduja.es\/sd\/index.php\/team\/atletico-mengibar-b\/\"><span class=\"team-logo\"><img loading=\"lazy\" decoding=\"async\" width=\"128\" height=\"128\" src=\"https:\/\/aeduja.es\/sd\/wp-content\/uploads\/2024\/10\/MENGIBAR-128x128.png\" class=\"attachment-sportspress-fit-icon size-sportspress-fit-icon wp-post-image\" alt=\"\" \/><\/span>Atl\u00e9tico Meng\u00edbar \u00abB\u00bb<\/a><\/td><td class=\"data-p\" data-label=\"J\">16<\/td><td class=\"data-v\" data-label=\"V\">7<\/td><td class=\"data-d\" data-label=\"E\">1<\/td><td class=\"data-l\" data-label=\"D\">8<\/td><td class=\"data-f\" data-label=\"GF\">71<\/td><td class=\"data-a\" data-label=\"GC\">80<\/td><td class=\"data-gd\" data-label=\"+-\">-9<\/td><td class=\"data-pts\" data-label=\"Pts\">22<\/td><\/tr><tr class=\"even sp-row-no-5\"><td class=\"data-rank\" data-label=\"Pos\">6<\/td><td class=\"data-name has-logo\" data-label=\"Club\"><a href=\"https:\/\/aeduja.es\/sd\/index.php\/team\/aeduja\/\"><span class=\"team-logo\"><img loading=\"lazy\" decoding=\"async\" width=\"128\" height=\"128\" src=\"https:\/\/aeduja.es\/sd\/wp-content\/uploads\/2024\/10\/Escudo-cuadrado-128x128.png\" class=\"attachment-sportspress-fit-icon size-sportspress-fit-icon wp-post-image\" alt=\"\" \/><\/span>Aeduja<\/a><\/td><td class=\"data-p\" data-label=\"J\">16<\/td><td class=\"data-v\" data-label=\"V\">6<\/td><td class=\"data-d\" data-label=\"E\">0<\/td><td class=\"data-l\" data-label=\"D\">10<\/td><td class=\"data-f\" data-label=\"GF\">81<\/td><td class=\"data-a\" data-label=\"GC\">98<\/td><td class=\"data-gd\" data-label=\"+-\">-17<\/td><td class=\"data-pts\" data-label=\"Pts\">18<\/td><\/tr><tr class=\"odd sp-row-no-6\"><td class=\"data-rank\" data-label=\"Pos\">7<\/td><td class=\"data-name has-logo\" data-label=\"Club\"><a href=\"https:\/\/aeduja.es\/sd\/index.php\/team\/andujar-b\/\"><span class=\"team-logo\"><img loading=\"lazy\" decoding=\"async\" width=\"128\" height=\"128\" src=\"https:\/\/aeduja.es\/sd\/wp-content\/uploads\/2024\/10\/ANDUJAR-128x128.png\" class=\"attachment-sportspress-fit-icon size-sportspress-fit-icon wp-post-image\" alt=\"\" \/><\/span>And\u00fajar \u00abB\u00bb<\/a><\/td><td class=\"data-p\" data-label=\"J\">16<\/td><td class=\"data-v\" data-label=\"V\">6<\/td><td class=\"data-d\" data-label=\"E\">0<\/td><td class=\"data-l\" data-label=\"D\">10<\/td><td class=\"data-f\" data-label=\"GF\">59<\/td><td class=\"data-a\" data-label=\"GC\">77<\/td><td class=\"data-gd\" data-label=\"+-\">-18<\/td><td class=\"data-pts\" data-label=\"Pts\">18<\/td><\/tr><tr class=\"even sp-row-no-7\"><td class=\"data-rank\" data-label=\"Pos\">8<\/td><td class=\"data-name has-logo\" data-label=\"Club\"><a href=\"https:\/\/aeduja.es\/sd\/index.php\/team\/armisa-santa-ana\/\"><span class=\"team-logo\"><img loading=\"lazy\" decoding=\"async\" width=\"128\" height=\"128\" src=\"https:\/\/aeduja.es\/sd\/wp-content\/uploads\/2024\/10\/ARMISA-128x128.png\" class=\"attachment-sportspress-fit-icon size-sportspress-fit-icon wp-post-image\" alt=\"\" \/><\/span>Armisa<\/a><\/td><td class=\"data-p\" data-label=\"J\">16<\/td><td class=\"data-v\" data-label=\"V\">3<\/td><td class=\"data-d\" data-label=\"E\">0<\/td><td class=\"data-l\" data-label=\"D\">13<\/td><td class=\"data-f\" data-label=\"GF\">46<\/td><td class=\"data-a\" data-label=\"GC\">86<\/td><td class=\"data-gd\" data-label=\"+-\">-40<\/td><td class=\"data-pts\" data-label=\"Pts\">9<\/td><\/tr><tr class=\"odd sp-row-no-8\"><td class=\"data-rank\" data-label=\"Pos\">9<\/td><td class=\"data-name has-logo\" data-label=\"Club\"><a href=\"https:\/\/aeduja.es\/sd\/index.php\/team\/patin-bar\/\"><span class=\"team-logo\"><img loading=\"lazy\" decoding=\"async\" width=\"128\" height=\"128\" src=\"https:\/\/aeduja.es\/sd\/wp-content\/uploads\/2024\/10\/PATIN-BAR-128x128.png\" class=\"attachment-sportspress-fit-icon size-sportspress-fit-icon wp-post-image\" alt=\"\" \/><\/span>Patin<\/a><\/td><td class=\"data-p\" data-label=\"J\">15<\/td><td class=\"data-v\" data-label=\"V\">0<\/td><td class=\"data-d\" data-label=\"E\">0<\/td><td class=\"data-l\" data-label=\"D\">15<\/td><td class=\"data-f\" data-label=\"GF\">33<\/td><td class=\"data-a\" data-label=\"GC\">119<\/td><td class=\"data-gd\" data-label=\"+-\">-86<\/td><td class=\"data-pts\" data-label=\"Pts\">0<\/td><\/tr><\/tbody><\/table><\/div><\/div>\n<\/div>","protected":false},"excerpt":{"rendered":"<p>Desde 8 hasta 9 a\u00f1os ENTRENAMIENTOS Martes &#8211; de 16.00h a 17.00h &#8211; en el Pabell\u00f3n del Bulevar.Jueves &#8211; de 16.00h a 17.00h &#8211; en el Pabell\u00f3n del Bulevar.<\/p>\n","protected":false},"author":1,"featured_media":0,"parent":0,"menu_order":0,"comment_status":"closed","ping_status":"closed","template":"","meta":{"footnotes":""},"class_list":["post-85","page","type-page","status-publish","hentry"],"_links":{"self":[{"href":"https:\/\/aeduja.es\/sd\/index.php\/wp-json\/wp\/v2\/pages\/85","targetHints":{"allow":["GET"]}}],"collection":[{"href":"https:\/\/aeduja.es\/sd\/index.php\/wp-json\/wp\/v2\/pages"}],"about":[{"href":"https:\/\/aeduja.es\/sd\/index.php\/wp-json\/wp\/v2\/types\/page"}],"author":[{"embeddable":true,"href":"https:\/\/aeduja.es\/sd\/index.php\/wp-json\/wp\/v2\/users\/1"}],"replies":[{"embeddable":true,"href":"https:\/\/aeduja.es\/sd\/index.php\/wp-json\/wp\/v2\/comments?post=85"}],"version-history":[{"count":9,"href":"https:\/\/aeduja.es\/sd\/index.php\/wp-json\/wp\/v2\/pages\/85\/revisions"}],"predecessor-version":[{"id":847,"href":"https:\/\/aeduja.es\/sd\/index.php\/wp-json\/wp\/v2\/pages\/85\/revisions\/847"}],"wp:attachment":[{"href":"https:\/\/aeduja.es\/sd\/index.php\/wp-json\/wp\/v2\/media?parent=85"}],"curies":[{"name":"wp","href":"https:\/\/api.w.org\/{rel}","templated":true}]}}