{"id":516,"date":"2024-11-11T20:24:16","date_gmt":"2024-11-11T19:24:16","guid":{"rendered":"https:\/\/aeduja.es\/sd\/?post_type=product&#038;p=516"},"modified":"2024-11-14T11:44:23","modified_gmt":"2024-11-14T10:44:23","slug":"mochila","status":"publish","type":"product","link":"https:\/\/aeduja.es\/sd\/index.php\/producto\/mochila\/","title":{"rendered":"Mochila"},"content":{"rendered":"<p>Mochila indicada para entrenamientos deportivos o partidos. Te ofrecer\u00e1 espacio suficiente para guardar y organizar todos tus b\u00e1sicos de entrenamiento. Con esta mochila deportiva podr\u00e1s transportar tu equipaci\u00f3n del casa al campo y del campo a casa de manera c\u00f3moda. Amplia capacidad de 23,8 L.<\/p>\n<p>Entre sus caracter\u00edsticas, cuenta con un compartimento principal con cierre de cremallera para meter aquello que ocupa m\u00e1s espacio. Incorpora otro bolsillo frontal de mejor capacidad. En la parte de abajo, podr\u00e1s guardar tus botas de f\u00fatbol o zapatillas deportivas en el zapatillero independiente, reforzado con tejido resistente y que retiene los olores para que no se escape nada. Su alto es de 14 cm. Por otro lado, incluye dos bolsillos laterales de rejilla con cierre el\u00e1stico para guardar y transportar la botella de agua o la bebida energ\u00e9tica.<\/p>\n<p>La espalda y las correas regulables est\u00e1n acolchadas para proporcionar una comodidad y una durabilidad incre\u00edbles. En la parte interior presentan tejido de rejilla que absorbe el sudor.<\/p>\n<p>Logotipo Joma serigrafiado con dise\u00f1o personalizado en la parte frontal a conjunto con el resto de detalles. Escudo del club en la parte frontal y se puede personalizar con nombre en la parte superior del mismo.<\/p>\n<p>Medidas: 46 cm alto x 32 cm ancho x 20 cm fondo.<\/p>\n","protected":false},"excerpt":{"rendered":"<p>Mochila indicada para entrenamientos deportivos o partidos. Te ofrecer\u00e1 espacio suficiente para guardar y organizar todos tus b\u00e1sicos de entrenamiento. Con esta mochila deportiva podr\u00e1s transportar tu equipaci\u00f3n del casa al campo y del campo a casa de manera c\u00f3moda. Amplia capacidad de 23,8 L. Entre sus caracter\u00edsticas, cuenta con un compartimento principal con cierre [&hellip;]<\/p>\n","protected":false},"featured_media":529,"comment_status":"open","ping_status":"closed","template":"","meta":[],"product_cat":[60],"product_tag":[],"class_list":{"0":"post-516","1":"product","2":"type-product","3":"status-publish","4":"has-post-thumbnail","6":"product_cat-accesorios","8":"first","9":"onbackorder","10":"taxable","11":"shipping-taxable","12":"purchasable","13":"product-type-simple"},"_links":{"self":[{"href":"https:\/\/aeduja.es\/sd\/index.php\/wp-json\/wp\/v2\/product\/516","targetHints":{"allow":["GET"]}}],"collection":[{"href":"https:\/\/aeduja.es\/sd\/index.php\/wp-json\/wp\/v2\/product"}],"about":[{"href":"https:\/\/aeduja.es\/sd\/index.php\/wp-json\/wp\/v2\/types\/product"}],"replies":[{"embeddable":true,"href":"https:\/\/aeduja.es\/sd\/index.php\/wp-json\/wp\/v2\/comments?post=516"}],"wp:featuredmedia":[{"embeddable":true,"href":"https:\/\/aeduja.es\/sd\/index.php\/wp-json\/wp\/v2\/media\/529"}],"wp:attachment":[{"href":"https:\/\/aeduja.es\/sd\/index.php\/wp-json\/wp\/v2\/media?parent=516"}],"wp:term":[{"taxonomy":"product_cat","embeddable":true,"href":"https:\/\/aeduja.es\/sd\/index.php\/wp-json\/wp\/v2\/product_cat?post=516"},{"taxonomy":"product_tag","embeddable":true,"href":"https:\/\/aeduja.es\/sd\/index.php\/wp-json\/wp\/v2\/product_tag?post=516"}],"curies":[{"name":"wp","href":"https:\/\/api.w.org\/{rel}","templated":true}]}}